{"id":514,"date":"2025-03-17T11:42:18","date_gmt":"2025-03-17T11:42:18","guid":{"rendered":"https:\/\/cre.org.mk\/?page_id=514"},"modified":"2025-03-17T11:59:14","modified_gmt":"2025-03-17T11:59:14","slug":"dokumenti","status":"publish","type":"page","link":"https:\/\/cre.org.mk\/sq\/dokumenti\/","title":{"rendered":"Dokumente"},"content":{"rendered":"<div data-elementor-type=\"wp-page\" data-elementor-id=\"514\" class=\"elementor elementor-514\" data-elementor-post-type=\"page\">\n\t\t\t\t<div class=\"elementor-element elementor-element-91ac42f e-flex e-con-boxed e-con e-parent\" data-id=\"91ac42f\" data-element_type=\"container\" data-e-type=\"container\">\n\t\t\t\t\t<div class=\"e-con-inner\">\n\t\t\t\t<div class=\"elementor-element elementor-element-2dc52e0 elementor-widget elementor-widget-heading\" data-id=\"2dc52e0\" data-element_type=\"widget\" data-e-type=\"widget\" data-widget_type=\"heading.default\">\n\t\t\t\t\t<h2 class=\"elementor-heading-title elementor-size-default\">DOKUMENTE<\/h2>\t\t\t\t<\/div>\n\t\t\t\t<div class=\"elementor-element elementor-element-83b1d98 elementor-widget elementor-widget-text-editor\" data-id=\"83b1d98\" data-element_type=\"widget\" data-e-type=\"widget\" data-widget_type=\"text-editor.default\">\n\t\t\t\t\t\t\t\t\t<p>N\u00eb kuad\u00ebr t\u00eb p\u00ebrkushtimit ton\u00eb p\u00ebr t\u2019u dal\u00eb n\u00eb krah sa m\u00eb shum\u00eb p\u00ebrdoruesve tan\u00eb, si dhe p\u00ebr t\u00eb justifikuar besimin q\u00eb ata e kan\u00eb ndaj nesh, publikojm\u00eb dokumentet n\u00eb vijim:\u00a0\u00a0<\/p>\t\t\t\t\t\t\t\t<\/div>\n\t\t<div class=\"elementor-element elementor-element-ca7cee8 e-con-full e-flex e-con e-child\" data-id=\"ca7cee8\" data-element_type=\"container\" data-e-type=\"container\">\n\t\t<div class=\"elementor-element elementor-element-e162ec5 e-con-full e-flex e-con e-child\" data-id=\"e162ec5\" data-element_type=\"container\" data-e-type=\"container\">\n\t\t\t\t<div class=\"elementor-element elementor-element-ee2b601 elementor-view-default elementor-widget elementor-widget-icon\" data-id=\"ee2b601\" data-element_type=\"widget\" data-e-type=\"widget\" data-widget_type=\"icon.default\">\n\t\t\t\t\t\t\t<div class=\"elementor-icon-wrapper\">\n\t\t\t<div class=\"elementor-icon\">\n\t\t\t<svg aria-hidden=\"true\" class=\"e-font-icon-svg e-far-file-alt\" viewbox=\"0 0 384 512\" xmlns=\"http:\/\/www.w3.org\/2000\/svg\"><path d=\"M288 248v28c0 6.6-5.4 12-12 12H108c-6.6 0-12-5.4-12-12v-28c0-6.6 5.4-12 12-12h168c6.6 0 12 5.4 12 12zm-12 72H108c-6.6 0-12 5.4-12 12v28c0 6.6 5.4 12 12 12h168c6.6 0 12-5.4 12-12v-28c0-6.6-5.4-12-12-12zm108-188.1V464c0 26.5-21.5 48-48 48H48c-26.5 0-48-21.5-48-48V48C0 21.5 21.5 0 48 0h204.1C264.8 0 277 5.1 286 14.1L369.9 98c9 8.9 14.1 21.2 14.1 33.9zm-128-80V128h76.1L256 51.9zM336 464V176H232c-13.3 0-24-10.7-24-24V48H48v416h288z\"><\/path><\/svg>\t\t\t<\/div>\n\t\t<\/div>\n\t\t\t\t\t\t<\/div>\n\t\t<div class=\"elementor-element elementor-element-0e6c3e7 e-con-full e-flex e-con e-child\" data-id=\"0e6c3e7\" data-element_type=\"container\" data-e-type=\"container\">\n\t\t\t\t<div class=\"elementor-element elementor-element-f1c5ad0 elementor-widget elementor-widget-heading\" data-id=\"f1c5ad0\" data-element_type=\"widget\" data-e-type=\"widget\" data-widget_type=\"heading.default\">\n\t\t\t\t\t<h3 class=\"elementor-heading-title elementor-size-default\">Statuti<\/h3>\t\t\t\t<\/div>\n\t\t\t\t<div class=\"elementor-element elementor-element-c67fc40 elementor-widget elementor-widget-button\" data-id=\"c67fc40\" data-element_type=\"widget\" data-e-type=\"widget\" data-widget_type=\"button.default\">\n\t\t\t\t\t\t\t\t\t\t<a class=\"elementor-button elementor-button-link elementor-size-sm\" href=\"https:\/\/cre.org.mk\/sq\/statut\/\" target=\"_blank\">\n\t\t\t\t\t\t<span class=\"elementor-button-content-wrapper\">\n\t\t\t\t\t\t\t\t\t<span class=\"elementor-button-text\">Shkarko<\/span>\n\t\t\t\t\t<\/span>\n\t\t\t\t\t<\/a>\n\t\t\t\t\t\t\t\t<\/div>\n\t\t\t\t<\/div>\n\t\t\t\t<\/div>\n\t\t<div class=\"elementor-element elementor-element-1a1c740 e-con-full e-flex e-con e-child\" data-id=\"1a1c740\" data-element_type=\"container\" data-e-type=\"container\">\n\t\t\t\t<div class=\"elementor-element elementor-element-59520d5 elementor-view-default elementor-widget elementor-widget-icon\" data-id=\"59520d5\" data-element_type=\"widget\" data-e-type=\"widget\" data-widget_type=\"icon.default\">\n\t\t\t\t\t\t\t<div class=\"elementor-icon-wrapper\">\n\t\t\t<div class=\"elementor-icon\">\n\t\t\t<svg aria-hidden=\"true\" class=\"e-font-icon-svg e-far-file-alt\" viewbox=\"0 0 384 512\" xmlns=\"http:\/\/www.w3.org\/2000\/svg\"><path d=\"M288 248v28c0 6.6-5.4 12-12 12H108c-6.6 0-12-5.4-12-12v-28c0-6.6 5.4-12 12-12h168c6.6 0 12 5.4 12 12zm-12 72H108c-6.6 0-12 5.4-12 12v28c0 6.6 5.4 12 12 12h168c6.6 0 12-5.4 12-12v-28c0-6.6-5.4-12-12-12zm108-188.1V464c0 26.5-21.5 48-48 48H48c-26.5 0-48-21.5-48-48V48C0 21.5 21.5 0 48 0h204.1C264.8 0 277 5.1 286 14.1L369.9 98c9 8.9 14.1 21.2 14.1 33.9zm-128-80V128h76.1L256 51.9zM336 464V176H232c-13.3 0-24-10.7-24-24V48H48v416h288z\"><\/path><\/svg>\t\t\t<\/div>\n\t\t<\/div>\n\t\t\t\t\t\t<\/div>\n\t\t<div class=\"elementor-element elementor-element-24c49df e-con-full e-flex e-con e-child\" data-id=\"24c49df\" data-element_type=\"container\" data-e-type=\"container\">\n\t\t\t\t<div class=\"elementor-element elementor-element-a54adab elementor-widget elementor-widget-heading\" data-id=\"a54adab\" data-element_type=\"widget\" data-e-type=\"widget\" data-widget_type=\"heading.default\">\n\t\t\t\t\t<h3 class=\"elementor-heading-title elementor-size-default\">Sistem p\u00ebr lavdata dhe ankesa<\/h3>\t\t\t\t<\/div>\n\t\t\t\t<div class=\"elementor-element elementor-element-a954cbe elementor-widget elementor-widget-button\" data-id=\"a954cbe\" data-element_type=\"widget\" data-e-type=\"widget\" data-widget_type=\"button.default\">\n\t\t\t\t\t\t\t\t\t\t<a class=\"elementor-button elementor-button-link elementor-size-sm\" href=\"https:\/\/cre.org.mk\/sq\/sistem-na-pofalbi-popplaki\/\" target=\"_blank\">\n\t\t\t\t\t\t<span class=\"elementor-button-content-wrapper\">\n\t\t\t\t\t\t\t\t\t<span class=\"elementor-button-text\">Shkarko<\/span>\n\t\t\t\t\t<\/span>\n\t\t\t\t\t<\/a>\n\t\t\t\t\t\t\t\t<\/div>\n\t\t\t\t<\/div>\n\t\t\t\t<\/div>\n\t\t<div class=\"elementor-element elementor-element-43ed677 e-con-full e-flex e-con e-child\" data-id=\"43ed677\" data-element_type=\"container\" data-e-type=\"container\">\n\t\t\t\t<div class=\"elementor-element elementor-element-98ed407 elementor-view-default elementor-widget elementor-widget-icon\" data-id=\"98ed407\" data-element_type=\"widget\" data-e-type=\"widget\" data-widget_type=\"icon.default\">\n\t\t\t\t\t\t\t<div class=\"elementor-icon-wrapper\">\n\t\t\t<div class=\"elementor-icon\">\n\t\t\t<svg aria-hidden=\"true\" class=\"e-font-icon-svg e-far-file-alt\" viewbox=\"0 0 384 512\" xmlns=\"http:\/\/www.w3.org\/2000\/svg\"><path d=\"M288 248v28c0 6.6-5.4 12-12 12H108c-6.6 0-12-5.4-12-12v-28c0-6.6 5.4-12 12-12h168c6.6 0 12 5.4 12 12zm-12 72H108c-6.6 0-12 5.4-12 12v28c0 6.6 5.4 12 12 12h168c6.6 0 12-5.4 12-12v-28c0-6.6-5.4-12-12-12zm108-188.1V464c0 26.5-21.5 48-48 48H48c-26.5 0-48-21.5-48-48V48C0 21.5 21.5 0 48 0h204.1C264.8 0 277 5.1 286 14.1L369.9 98c9 8.9 14.1 21.2 14.1 33.9zm-128-80V128h76.1L256 51.9zM336 464V176H232c-13.3 0-24-10.7-24-24V48H48v416h288z\"><\/path><\/svg>\t\t\t<\/div>\n\t\t<\/div>\n\t\t\t\t\t\t<\/div>\n\t\t<div class=\"elementor-element elementor-element-6025beb e-con-full e-flex e-con e-child\" data-id=\"6025beb\" data-element_type=\"container\" data-e-type=\"container\">\n\t\t\t\t<div class=\"elementor-element elementor-element-f47e606 elementor-widget elementor-widget-heading\" data-id=\"f47e606\" data-element_type=\"widget\" data-e-type=\"widget\" data-widget_type=\"heading.default\">\n\t\t\t\t\t<h3 class=\"elementor-heading-title elementor-size-default\">Plani vjetor p\u00ebr zhvillimin profesional t\u00eb punonj\u00ebsve p\u00ebr vitin 2025<\/h3>\t\t\t\t<\/div>\n\t\t\t\t<div class=\"elementor-element elementor-element-eab5336 elementor-widget elementor-widget-button\" data-id=\"eab5336\" data-element_type=\"widget\" data-e-type=\"widget\" data-widget_type=\"button.default\">\n\t\t\t\t\t\t\t\t\t\t<a class=\"elementor-button elementor-button-link elementor-size-sm\" href=\"https:\/\/cre.org.mk\/sq\/godishen-plan-za-usovrshuvanje-na-vrabotenite\/\">\n\t\t\t\t\t\t<span class=\"elementor-button-content-wrapper\">\n\t\t\t\t\t\t\t\t\t<span class=\"elementor-button-text\">Shkarko<\/span>\n\t\t\t\t\t<\/span>\n\t\t\t\t\t<\/a>\n\t\t\t\t\t\t\t\t<\/div>\n\t\t\t\t<\/div>\n\t\t\t\t<\/div>\n\t\t\t\t<\/div>\n\t\t\t\t\t<\/div>\n\t\t\t\t<\/div>\n\t\t\t\t<\/div>","protected":false},"excerpt":{"rendered":"<p>\u0414\u041e\u041a\u0423\u041c\u0415\u041d\u0422\u0418 \u0412\u043e \u0440\u0430\u043c\u043a\u0438 \u043d\u0430 \u043d\u0430\u0448\u0430\u0442\u0430 \u043f\u043e\u0441\u0432\u0435\u0442\u0435\u043d\u043e\u0441\u0442 \u043c\u0430\u043a\u0441\u0438\u043c\u0430\u043b\u043d\u043e \u0434\u0430 \u0438\u043c \u0438\u0437\u043b\u0435\u0437\u0435\u043c\u0435 \u0432\u043e \u043f\u0440\u0435\u0441\u0440\u0435\u0442 \u043d\u0430 \u043d\u0430\u0448\u0438\u0442\u0435 \u043a\u043e\u0440\u0438\u0441\u043d\u0438\u0446\u0438, \u043a\u0430\u043a\u043e \u0438 \u0434\u0430 \u0458\u0430 \u043e\u043f\u0440\u0430\u0432\u0434\u0430\u043c\u0435 \u0434\u043e\u0432\u0435\u0440\u0431\u0430\u0442\u0430 \u043a\u043e\u0458\u0430 \u043a\u043e\u0440\u0438\u0441\u043d\u0438\u0446\u0438\u0442\u0435 \u0458\u0430 \u0438\u043c\u0430\u0430\u0442 \u043a\u043e\u043d \u043d\u0430\u0441, \u0433\u0438 \u043e\u0431\u0458\u0430\u0432\u0443\u0432\u0430\u043c\u0435 \u0441\u043b\u0435\u0434\u043d\u0438\u0442\u0435 \u0434\u043e\u043a\u0443\u043c\u0435\u043d\u0442\u0438:\u00a0\u00a0 \u0421\u0442\u0430\u0442\u0443\u0442 \u041f\u0440\u0435\u0437\u0435\u043c\u0438 \u0421\u0438\u0441\u0442\u0435\u043c \u0437\u0430 \u043f\u043e\u0444\u0430\u043b\u0431\u0438 \u0438 \u043f\u043e\u043f\u043b\u0430\u043a\u0438 \u041f\u0440\u0435\u0437\u0435\u043c\u0438 \u0413\u043e\u0434\u0438\u0448\u0435\u043d \u043f\u043b\u0430\u043d \u0437\u0430 \u0443\u0441\u043e\u0432\u0440\u0448\u0443\u0432\u0430\u045a\u0435 \u043d\u0430 \u0432\u0440\u0430\u0431\u043e\u0442\u0435\u043d\u0438\u0442\u0435 \u0437\u0430 2025\u0433. \u041f\u0440\u0435\u0437\u0435\u043c\u0438<\/p>","protected":false},"author":1,"featured_media":0,"parent":0,"menu_order":0,"comment_status":"closed","ping_status":"closed","template":"","meta":{"footnotes":""},"class_list":["post-514","page","type-page","status-publish","hentry"],"yoast_head":"<!-- This site is optimized with the Yoast SEO Premium plugin v24.6 (Yoast SEO v27.4) - https:\/\/yoast.com\/product\/yoast-seo-premium-wordpress\/ -->\n<title>\u0414\u043e\u043a\u0443\u043c\u0435\u043d\u0442\u0438 - \u0417\u0414\u0420\u0423\u0416\u0415\u041d\u0418\u0415 \u0426\u0435\u043d\u0442\u0430\u0440 \u0437\u0430 \u0440\u0430\u0437\u0432\u043e\u0458 \u0438 \u0435\u0434\u0443\u043a\u0430\u0446\u0438\u0458\u0430 - \u041f\u0440\u0438\u043b\u0435\u043f<\/title>\n<meta name=\"robots\" content=\"index, follow, max-snippet:-1, max-image-preview:large, max-video-preview:-1\" \/>\n<link rel=\"canonical\" href=\"https:\/\/cre.org.mk\/sq\/dokumenti\/\" \/>\n<meta property=\"og:locale\" content=\"sq_AL\" \/>\n<meta property=\"og:type\" content=\"article\" \/>\n<meta property=\"og:title\" content=\"\u0414\u043e\u043a\u0443\u043c\u0435\u043d\u0442\u0438\" \/>\n<meta property=\"og:description\" content=\"\u0414\u041e\u041a\u0423\u041c\u0415\u041d\u0422\u0418 \u0412\u043e \u0440\u0430\u043c\u043a\u0438 \u043d\u0430 \u043d\u0430\u0448\u0430\u0442\u0430 \u043f\u043e\u0441\u0432\u0435\u0442\u0435\u043d\u043e\u0441\u0442 \u043c\u0430\u043a\u0441\u0438\u043c\u0430\u043b\u043d\u043e \u0434\u0430 \u0438\u043c \u0438\u0437\u043b\u0435\u0437\u0435\u043c\u0435 \u0432\u043e \u043f\u0440\u0435\u0441\u0440\u0435\u0442 \u043d\u0430 \u043d\u0430\u0448\u0438\u0442\u0435 \u043a\u043e\u0440\u0438\u0441\u043d\u0438\u0446\u0438, \u043a\u0430\u043a\u043e \u0438 \u0434\u0430 \u0458\u0430 \u043e\u043f\u0440\u0430\u0432\u0434\u0430\u043c\u0435 \u0434\u043e\u0432\u0435\u0440\u0431\u0430\u0442\u0430 \u043a\u043e\u0458\u0430 \u043a\u043e\u0440\u0438\u0441\u043d\u0438\u0446\u0438\u0442\u0435 \u0458\u0430 \u0438\u043c\u0430\u0430\u0442 \u043a\u043e\u043d \u043d\u0430\u0441, \u0433\u0438 \u043e\u0431\u0458\u0430\u0432\u0443\u0432\u0430\u043c\u0435 \u0441\u043b\u0435\u0434\u043d\u0438\u0442\u0435 \u0434\u043e\u043a\u0443\u043c\u0435\u043d\u0442\u0438:\u00a0\u00a0 \u0421\u0442\u0430\u0442\u0443\u0442 \u041f\u0440\u0435\u0437\u0435\u043c\u0438 \u0421\u0438\u0441\u0442\u0435\u043c \u0437\u0430 \u043f\u043e\u0444\u0430\u043b\u0431\u0438 \u0438 \u043f\u043e\u043f\u043b\u0430\u043a\u0438 \u041f\u0440\u0435\u0437\u0435\u043c\u0438 \u0413\u043e\u0434\u0438\u0448\u0435\u043d \u043f\u043b\u0430\u043d \u0437\u0430 \u0443\u0441\u043e\u0432\u0440\u0448\u0443\u0432\u0430\u045a\u0435 \u043d\u0430 \u0432\u0440\u0430\u0431\u043e\u0442\u0435\u043d\u0438\u0442\u0435 \u0437\u0430 2025\u0433. \u041f\u0440\u0435\u0437\u0435\u043c\u0438\" \/>\n<meta property=\"og:url\" content=\"https:\/\/cre.org.mk\/sq\/dokumenti\/\" \/>\n<meta property=\"og:site_name\" content=\"\u0417\u0414\u0420\u0423\u0416\u0415\u041d\u0418\u0415 \u0426\u0435\u043d\u0442\u0430\u0440 \u0437\u0430 \u0440\u0430\u0437\u0432\u043e\u0458 \u0438 \u0435\u0434\u0443\u043a\u0430\u0446\u0438\u0458\u0430 - \u041f\u0440\u0438\u043b\u0435\u043f\" \/>\n<meta property=\"article:publisher\" content=\"https:\/\/www.facebook.com\/profile.php?id=61558165637118\" \/>\n<meta property=\"article:modified_time\" content=\"2025-03-17T11:59:14+00:00\" \/>\n<meta property=\"og:image\" content=\"https:\/\/cre.org.mk\/wp-content\/uploads\/2025\/03\/2148962376.webp\" \/>\n\t<meta property=\"og:image:width\" content=\"1000\" \/>\n\t<meta property=\"og:image:height\" content=\"777\" \/>\n\t<meta property=\"og:image:type\" content=\"image\/webp\" \/>\n<meta name=\"twitter:card\" content=\"summary_large_image\" \/>\n<script type=\"application\/ld+json\" class=\"yoast-schema-graph\">{\"@context\":\"https:\\\/\\\/schema.org\",\"@graph\":[{\"@type\":\"WebPage\",\"@id\":\"https:\\\/\\\/cre.org.mk\\\/dokumenti\\\/\",\"url\":\"https:\\\/\\\/cre.org.mk\\\/dokumenti\\\/\",\"name\":\"\u0414\u043e\u043a\u0443\u043c\u0435\u043d\u0442\u0438 - \u0417\u0414\u0420\u0423\u0416\u0415\u041d\u0418\u0415 \u0426\u0435\u043d\u0442\u0430\u0440 \u0437\u0430 \u0440\u0430\u0437\u0432\u043e\u0458 \u0438 \u0435\u0434\u0443\u043a\u0430\u0446\u0438\u0458\u0430 - \u041f\u0440\u0438\u043b\u0435\u043f\",\"isPartOf\":{\"@id\":\"https:\\\/\\\/cre.org.mk\\\/#website\"},\"datePublished\":\"2025-03-17T11:42:18+00:00\",\"dateModified\":\"2025-03-17T11:59:14+00:00\",\"breadcrumb\":{\"@id\":\"https:\\\/\\\/cre.org.mk\\\/dokumenti\\\/#breadcrumb\"},\"inLanguage\":\"sq\",\"potentialAction\":[{\"@type\":\"ReadAction\",\"target\":[\"https:\\\/\\\/cre.org.mk\\\/dokumenti\\\/\"]}]},{\"@type\":\"BreadcrumbList\",\"@id\":\"https:\\\/\\\/cre.org.mk\\\/dokumenti\\\/#breadcrumb\",\"itemListElement\":[{\"@type\":\"ListItem\",\"position\":1,\"name\":\"Home\",\"item\":\"https:\\\/\\\/cre.org.mk\\\/\"},{\"@type\":\"ListItem\",\"position\":2,\"name\":\"\u0414\u043e\u043a\u0443\u043c\u0435\u043d\u0442\u0438\"}]},{\"@type\":\"WebSite\",\"@id\":\"https:\\\/\\\/cre.org.mk\\\/#website\",\"url\":\"https:\\\/\\\/cre.org.mk\\\/\",\"name\":\"\u0417\u0414\u0420\u0423\u0416\u0415\u041d\u0418\u0415 \u0426\u0435\u043d\u0442\u0430\u0440 \u0437\u0430 \u0440\u0430\u0437\u0432\u043e\u0458 \u0438 \u0435\u0434\u0443\u043a\u0430\u0446\u0438\u0458\u0430 - \u041f\u0440\u0438\u043b\u0435\u043f\",\"description\":\"Senior Care\",\"publisher\":{\"@id\":\"https:\\\/\\\/cre.org.mk\\\/#organization\"},\"potentialAction\":[{\"@type\":\"SearchAction\",\"target\":{\"@type\":\"EntryPoint\",\"urlTemplate\":\"https:\\\/\\\/cre.org.mk\\\/?s={search_term_string}\"},\"query-input\":{\"@type\":\"PropertyValueSpecification\",\"valueRequired\":true,\"valueName\":\"search_term_string\"}}],\"inLanguage\":\"sq\"},{\"@type\":\"Organization\",\"@id\":\"https:\\\/\\\/cre.org.mk\\\/#organization\",\"name\":\"\u0417\u0434\u0440\u0443\u0436\u0435\u043d\u0438\u0435, \u0426\u0435\u043d\u0442\u0430\u0440 \u0437\u0430 \u0440\u0430\u0437\u0432\u043e\u0458 \u0438 \u0435\u0434\u0443\u043a\u0430\u0446\u0438\u0458\u0430\",\"url\":\"https:\\\/\\\/cre.org.mk\\\/\",\"logo\":{\"@type\":\"ImageObject\",\"inLanguage\":\"sq\",\"@id\":\"https:\\\/\\\/cre.org.mk\\\/#\\\/schema\\\/logo\\\/image\\\/\",\"url\":\"https:\\\/\\\/cre.org.mk\\\/wp-content\\\/uploads\\\/2025\\\/01\\\/cropped-cropped-logoh-1.png\",\"contentUrl\":\"https:\\\/\\\/cre.org.mk\\\/wp-content\\\/uploads\\\/2025\\\/01\\\/cropped-cropped-logoh-1.png\",\"width\":602,\"height\":172,\"caption\":\"\u0417\u0434\u0440\u0443\u0436\u0435\u043d\u0438\u0435, \u0426\u0435\u043d\u0442\u0430\u0440 \u0437\u0430 \u0440\u0430\u0437\u0432\u043e\u0458 \u0438 \u0435\u0434\u0443\u043a\u0430\u0446\u0438\u0458\u0430\"},\"image\":{\"@id\":\"https:\\\/\\\/cre.org.mk\\\/#\\\/schema\\\/logo\\\/image\\\/\"},\"sameAs\":[\"https:\\\/\\\/www.facebook.com\\\/profile.php?id=61558165637118\"],\"description\":\"\u041e\u0431\u0435\u0437\u0431\u0435\u0434\u0443\u0432\u0430\u043c\u0435 \u0438\u043d\u0444\u043e\u0440\u043c\u0430\u0442\u0438\u0432\u043d\u0430, \u0435\u0434\u0443\u043a\u0430\u0442\u0438\u0432\u043d\u0430 \u0438 \u0441\u043e\u0432\u0435\u0442\u043e\u0434\u0430\u0432\u043d\u0430 \u043f\u043e\u0434\u0434\u0440\u0448\u043a\u0430, \u043a\u0430\u043a\u043e \u0438 \u0441\u043e\u0446\u0438\u0458\u0430\u043b\u043d\u0438 \u0443\u0441\u043b\u0443\u0433\u0438 \u0437\u0430 \u043b\u0438\u0446\u0430\u0442\u0430 \u0432\u043e \u0441\u043e\u0446\u0438\u0458\u0430\u043b\u0435\u043d \u0440\u0438\u0437\u0438\u043a, \u0434\u043e\u0434\u0435\u043a\u0430 \u0438\u0441\u0442\u043e\u0432\u0440\u0435\u043c\u0435\u043d\u043e \u0430\u043a\u0442\u0438\u0432\u043d\u043e \u0443\u0447\u0435\u0441\u0442\u0432\u0443\u0432\u0430\u043c\u0435 \u0432\u043e \u043a\u0440\u0435\u0438\u0440\u0430\u045a\u0435 \u043d\u0430 \u043b\u043e\u043a\u0430\u043b\u043d\u0438 \u0438 \u043d\u0430\u0446\u0438\u043e\u043d\u0430\u043b\u043d\u0438 \u043f\u0440\u043e\u0433\u0440\u0430\u043c\u0438 \u0438 \u043c\u0435\u0440\u043a\u0438 \u043a\u043e\u0438 \u045c\u0435 \u0434\u043e\u043d\u0435\u0441\u0430\u0442 \u043f\u043e\u0437\u0438\u0442\u0438\u0432\u043d\u0438 \u043f\u0440\u0438\u0434\u043e\u0431\u0438\u0432\u043a\u0438 \u0437\u0430 \u0433\u0440\u0430\u0453\u0430\u043d\u0438\u0442\u0435.\",\"email\":\"info@cre.org.mk\",\"telephone\":\"+(389) 76 250 299\"}]}<\/script>\n<!-- \/ Yoast SEO Premium plugin. -->","yoast_head_json":{"title":"\u0414\u043e\u043a\u0443\u043c\u0435\u043d\u0442\u0438 - \u0417\u0414\u0420\u0423\u0416\u0415\u041d\u0418\u0415 \u0426\u0435\u043d\u0442\u0430\u0440 \u0437\u0430 \u0440\u0430\u0437\u0432\u043e\u0458 \u0438 \u0435\u0434\u0443\u043a\u0430\u0446\u0438\u0458\u0430 - \u041f\u0440\u0438\u043b\u0435\u043f","robots":{"index":"index","follow":"follow","max-snippet":"max-snippet:-1","max-image-preview":"max-image-preview:large","max-video-preview":"max-video-preview:-1"},"canonical":"https:\/\/cre.org.mk\/sq\/dokumenti\/","og_locale":"sq_AL","og_type":"article","og_title":"\u0414\u043e\u043a\u0443\u043c\u0435\u043d\u0442\u0438","og_description":"\u0414\u041e\u041a\u0423\u041c\u0415\u041d\u0422\u0418 \u0412\u043e \u0440\u0430\u043c\u043a\u0438 \u043d\u0430 \u043d\u0430\u0448\u0430\u0442\u0430 \u043f\u043e\u0441\u0432\u0435\u0442\u0435\u043d\u043e\u0441\u0442 \u043c\u0430\u043a\u0441\u0438\u043c\u0430\u043b\u043d\u043e \u0434\u0430 \u0438\u043c \u0438\u0437\u043b\u0435\u0437\u0435\u043c\u0435 \u0432\u043e \u043f\u0440\u0435\u0441\u0440\u0435\u0442 \u043d\u0430 \u043d\u0430\u0448\u0438\u0442\u0435 \u043a\u043e\u0440\u0438\u0441\u043d\u0438\u0446\u0438, \u043a\u0430\u043a\u043e \u0438 \u0434\u0430 \u0458\u0430 \u043e\u043f\u0440\u0430\u0432\u0434\u0430\u043c\u0435 \u0434\u043e\u0432\u0435\u0440\u0431\u0430\u0442\u0430 \u043a\u043e\u0458\u0430 \u043a\u043e\u0440\u0438\u0441\u043d\u0438\u0446\u0438\u0442\u0435 \u0458\u0430 \u0438\u043c\u0430\u0430\u0442 \u043a\u043e\u043d \u043d\u0430\u0441, \u0433\u0438 \u043e\u0431\u0458\u0430\u0432\u0443\u0432\u0430\u043c\u0435 \u0441\u043b\u0435\u0434\u043d\u0438\u0442\u0435 \u0434\u043e\u043a\u0443\u043c\u0435\u043d\u0442\u0438:\u00a0\u00a0 \u0421\u0442\u0430\u0442\u0443\u0442 \u041f\u0440\u0435\u0437\u0435\u043c\u0438 \u0421\u0438\u0441\u0442\u0435\u043c \u0437\u0430 \u043f\u043e\u0444\u0430\u043b\u0431\u0438 \u0438 \u043f\u043e\u043f\u043b\u0430\u043a\u0438 \u041f\u0440\u0435\u0437\u0435\u043c\u0438 \u0413\u043e\u0434\u0438\u0448\u0435\u043d \u043f\u043b\u0430\u043d \u0437\u0430 \u0443\u0441\u043e\u0432\u0440\u0448\u0443\u0432\u0430\u045a\u0435 \u043d\u0430 \u0432\u0440\u0430\u0431\u043e\u0442\u0435\u043d\u0438\u0442\u0435 \u0437\u0430 2025\u0433. \u041f\u0440\u0435\u0437\u0435\u043c\u0438","og_url":"https:\/\/cre.org.mk\/sq\/dokumenti\/","og_site_name":"\u0417\u0414\u0420\u0423\u0416\u0415\u041d\u0418\u0415 \u0426\u0435\u043d\u0442\u0430\u0440 \u0437\u0430 \u0440\u0430\u0437\u0432\u043e\u0458 \u0438 \u0435\u0434\u0443\u043a\u0430\u0446\u0438\u0458\u0430 - \u041f\u0440\u0438\u043b\u0435\u043f","article_publisher":"https:\/\/www.facebook.com\/profile.php?id=61558165637118","article_modified_time":"2025-03-17T11:59:14+00:00","og_image":[{"width":1000,"height":777,"url":"https:\/\/cre.org.mk\/wp-content\/uploads\/2025\/03\/2148962376.webp","type":"image\/webp"}],"twitter_card":"summary_large_image","schema":{"@context":"https:\/\/schema.org","@graph":[{"@type":"WebPage","@id":"https:\/\/cre.org.mk\/dokumenti\/","url":"https:\/\/cre.org.mk\/dokumenti\/","name":"\u0414\u043e\u043a\u0443\u043c\u0435\u043d\u0442\u0438 - \u0417\u0414\u0420\u0423\u0416\u0415\u041d\u0418\u0415 \u0426\u0435\u043d\u0442\u0430\u0440 \u0437\u0430 \u0440\u0430\u0437\u0432\u043e\u0458 \u0438 \u0435\u0434\u0443\u043a\u0430\u0446\u0438\u0458\u0430 - \u041f\u0440\u0438\u043b\u0435\u043f","isPartOf":{"@id":"https:\/\/cre.org.mk\/#website"},"datePublished":"2025-03-17T11:42:18+00:00","dateModified":"2025-03-17T11:59:14+00:00","breadcrumb":{"@id":"https:\/\/cre.org.mk\/dokumenti\/#breadcrumb"},"inLanguage":"sq","potentialAction":[{"@type":"ReadAction","target":["https:\/\/cre.org.mk\/dokumenti\/"]}]},{"@type":"BreadcrumbList","@id":"https:\/\/cre.org.mk\/dokumenti\/#breadcrumb","itemListElement":[{"@type":"ListItem","position":1,"name":"Home","item":"https:\/\/cre.org.mk\/"},{"@type":"ListItem","position":2,"name":"\u0414\u043e\u043a\u0443\u043c\u0435\u043d\u0442\u0438"}]},{"@type":"WebSite","@id":"https:\/\/cre.org.mk\/#website","url":"https:\/\/cre.org.mk\/","name":"\u0417\u0414\u0420\u0423\u0416\u0415\u041d\u0418\u0415 \u0426\u0435\u043d\u0442\u0430\u0440 \u0437\u0430 \u0440\u0430\u0437\u0432\u043e\u0458 \u0438 \u0435\u0434\u0443\u043a\u0430\u0446\u0438\u0458\u0430 - \u041f\u0440\u0438\u043b\u0435\u043f","description":"Senior Care","publisher":{"@id":"https:\/\/cre.org.mk\/#organization"},"potentialAction":[{"@type":"SearchAction","target":{"@type":"EntryPoint","urlTemplate":"https:\/\/cre.org.mk\/?s={search_term_string}"},"query-input":{"@type":"PropertyValueSpecification","valueRequired":true,"valueName":"search_term_string"}}],"inLanguage":"sq"},{"@type":"Organization","@id":"https:\/\/cre.org.mk\/#organization","name":"\u0417\u0434\u0440\u0443\u0436\u0435\u043d\u0438\u0435, \u0426\u0435\u043d\u0442\u0430\u0440 \u0437\u0430 \u0440\u0430\u0437\u0432\u043e\u0458 \u0438 \u0435\u0434\u0443\u043a\u0430\u0446\u0438\u0458\u0430","url":"https:\/\/cre.org.mk\/","logo":{"@type":"ImageObject","inLanguage":"sq","@id":"https:\/\/cre.org.mk\/#\/schema\/logo\/image\/","url":"https:\/\/cre.org.mk\/wp-content\/uploads\/2025\/01\/cropped-cropped-logoh-1.png","contentUrl":"https:\/\/cre.org.mk\/wp-content\/uploads\/2025\/01\/cropped-cropped-logoh-1.png","width":602,"height":172,"caption":"\u0417\u0434\u0440\u0443\u0436\u0435\u043d\u0438\u0435, \u0426\u0435\u043d\u0442\u0430\u0440 \u0437\u0430 \u0440\u0430\u0437\u0432\u043e\u0458 \u0438 \u0435\u0434\u0443\u043a\u0430\u0446\u0438\u0458\u0430"},"image":{"@id":"https:\/\/cre.org.mk\/#\/schema\/logo\/image\/"},"sameAs":["https:\/\/www.facebook.com\/profile.php?id=61558165637118"],"description":"Ne ofrojm\u00eb mb\u00ebshtetje informative, edukative dhe k\u00ebshilluese, si dhe sh\u00ebrbime sociale p\u00ebr individ\u00ebt n\u00eb rrezik social, nd\u00ebrkoh\u00eb q\u00eb marrim pjes\u00eb aktivisht n\u00eb krijimin e programeve dhe masave lokale dhe komb\u00ebtare q\u00eb do t\u00eb sjellin p\u00ebrfitime pozitive p\u00ebr qytetar\u00ebt.","email":"info@cre.org.mk","telephone":"+(389) 76 250 299"}]}},"_links":{"self":[{"href":"https:\/\/cre.org.mk\/sq\/wp-json\/wp\/v2\/pages\/514","targetHints":{"allow":["GET"]}}],"collection":[{"href":"https:\/\/cre.org.mk\/sq\/wp-json\/wp\/v2\/pages"}],"about":[{"href":"https:\/\/cre.org.mk\/sq\/wp-json\/wp\/v2\/types\/page"}],"author":[{"embeddable":true,"href":"https:\/\/cre.org.mk\/sq\/wp-json\/wp\/v2\/users\/1"}],"replies":[{"embeddable":true,"href":"https:\/\/cre.org.mk\/sq\/wp-json\/wp\/v2\/comments?post=514"}],"version-history":[{"count":13,"href":"https:\/\/cre.org.mk\/sq\/wp-json\/wp\/v2\/pages\/514\/revisions"}],"predecessor-version":[{"id":532,"href":"https:\/\/cre.org.mk\/sq\/wp-json\/wp\/v2\/pages\/514\/revisions\/532"}],"wp:attachment":[{"href":"https:\/\/cre.org.mk\/sq\/wp-json\/wp\/v2\/media?parent=514"}],"curies":[{"name":"wp","href":"https:\/\/api.w.org\/{rel}","templated":true}]}}